{"id":1492,"date":"2023-04-18T12:11:53","date_gmt":"2023-04-18T11:11:53","guid":{"rendered":"https:\/\/www.casadocampo-restaurante.com\/?page_id=1492"},"modified":"2023-04-18T12:13:56","modified_gmt":"2023-04-18T11:13:56","slug":"politica-de-privacidade","status":"publish","type":"page","link":"https:\/\/www.casadocampoalgarve.com\/?page_id=1492&lang=pt","title":{"rendered":"Politica de privacidade"},"content":{"rendered":"\t\t<div data-elementor-type=\"wp-page\" data-elementor-id=\"1492\" class=\"elementor elementor-1492\">\n\t\t\t\t\t\t\t\t\t<section class=\"elementor-section elementor-top-section elementor-element elementor-element-f33533f elementor-section-full_width elementor-section-stretched elementor-section-height-default elementor-section-height-default\" data-id=\"f33533f\" data-element_type=\"section\" data-settings=\"{&quot;stretch_section&quot;:&quot;section-stretched&quot;}\">\n\t\t\t\t\t\t<div class=\"elementor-container elementor-column-gap-default\">\n\t\t\t\t\t<div class=\"elementor-column elementor-col-100 elementor-top-column elementor-element elementor-element-3592bbb\" data-id=\"3592bbb\" data-element_type=\"column\">\n\t\t\t<div class=\"elementor-widget-wrap elementor-element-populated\">\n\t\t\t\t\t\t\t\t<div class=\"elementor-element elementor-element-1fc3655 elementor-widget elementor-widget-image\" data-id=\"1fc3655\" data-element_type=\"widget\" data-widget_type=\"image.default\">\n\t\t\t\t<div class=\"elementor-widget-container\">\n\t\t\t<style>\/*! elementor - v3.12.1 - 02-04-2023 *\/\n.elementor-widget-image{text-align:center}.elementor-widget-image a{display:inline-block}.elementor-widget-image a img[src$=\".svg\"]{width:48px}.elementor-widget-image img{vertical-align:middle;display:inline-block}<\/style>\t\t\t\t\t\t\t\t\t\t\t\t<img loading=\"lazy\" decoding=\"async\" width=\"1920\" height=\"450\" src=\"https:\/\/www.casadocampoalgarve.com\/wp-content\/uploads\/2023\/04\/gallery_header.jpg\" class=\"attachment-full size-full wp-image-1058\" alt=\"Casa do Campo Restaurant\" srcset=\"https:\/\/www.casadocampoalgarve.com\/wp-content\/uploads\/2023\/04\/gallery_header.jpg 1920w, https:\/\/www.casadocampoalgarve.com\/wp-content\/uploads\/2023\/04\/gallery_header-300x70.jpg 300w, https:\/\/www.casadocampoalgarve.com\/wp-content\/uploads\/2023\/04\/gallery_header-1024x240.jpg 1024w, https:\/\/www.casadocampoalgarve.com\/wp-content\/uploads\/2023\/04\/gallery_header-768x180.jpg 768w, https:\/\/www.casadocampoalgarve.com\/wp-content\/uploads\/2023\/04\/gallery_header-1536x360.jpg 1536w, https:\/\/www.casadocampoalgarve.com\/wp-content\/uploads\/2023\/04\/gallery_header-1000x234.jpg 1000w, https:\/\/www.casadocampoalgarve.com\/wp-content\/uploads\/2023\/04\/gallery_header-230x54.jpg 230w, https:\/\/www.casadocampoalgarve.com\/wp-content\/uploads\/2023\/04\/gallery_header-350x82.jpg 350w, https:\/\/www.casadocampoalgarve.com\/wp-content\/uploads\/2023\/04\/gallery_header-480x113.jpg 480w\" sizes=\"auto, (max-width: 1920px) 100vw, 1920px\" \/>\t\t\t\t\t\t\t\t\t\t\t\t\t\t\t<\/div>\n\t\t\t\t<\/div>\n\t\t\t\t\t<\/div>\n\t\t<\/div>\n\t\t\t\t\t\t\t<\/div>\n\t\t<\/section>\n\t\t\t\t<section class=\"elementor-section elementor-top-section elementor-element elementor-element-fb7b092 elementor-hidden-mobile elementor-section-boxed elementor-section-height-default elementor-section-height-default\" data-id=\"fb7b092\" data-element_type=\"section\" data-settings=\"{&quot;background_background&quot;:&quot;classic&quot;}\">\n\t\t\t\t\t\t<div class=\"elementor-container elementor-column-gap-default\">\n\t\t\t\t\t<div class=\"elementor-column elementor-col-100 elementor-top-column elementor-element elementor-element-1064dcc\" data-id=\"1064dcc\" data-element_type=\"column\">\n\t\t\t<div class=\"elementor-widget-wrap elementor-element-populated\">\n\t\t\t\t\t\t\t\t<div class=\"elementor-element elementor-element-636d309 elementor-widget elementor-widget-heading\" data-id=\"636d309\" data-element_type=\"widget\" data-widget_type=\"heading.default\">\n\t\t\t\t<div class=\"elementor-widget-container\">\n\t\t\t<style>\/*! elementor - v3.12.1 - 02-04-2023 *\/\n.elementor-heading-title{padding:0;margin:0;line-height:1}.elementor-widget-heading .elementor-heading-title[class*=elementor-size-]>a{color:inherit;font-size:inherit;line-height:inherit}.elementor-widget-heading .elementor-heading-title.elementor-size-small{font-size:15px}.elementor-widget-heading .elementor-heading-title.elementor-size-medium{font-size:19px}.elementor-widget-heading .elementor-heading-title.elementor-size-large{font-size:29px}.elementor-widget-heading .elementor-heading-title.elementor-size-xl{font-size:39px}.elementor-widget-heading .elementor-heading-title.elementor-size-xxl{font-size:59px}<\/style><h2 class=\"elementor-heading-title elementor-size-xl\">Politica de privacidade<\/h2>\t\t<\/div>\n\t\t\t\t<\/div>\n\t\t\t\t\t<\/div>\n\t\t<\/div>\n\t\t\t\t\t\t\t<\/div>\n\t\t<\/section>\n\t\t\t\t<section class=\"elementor-section elementor-top-section elementor-element elementor-element-2bb0c76 elementor-hidden-desktop elementor-hidden-tablet elementor-section-boxed elementor-section-height-default elementor-section-height-default\" data-id=\"2bb0c76\" data-element_type=\"section\" data-settings=\"{&quot;background_background&quot;:&quot;classic&quot;}\">\n\t\t\t\t\t\t<div class=\"elementor-container elementor-column-gap-default\">\n\t\t\t\t\t<div class=\"elementor-column elementor-col-100 elementor-top-column elementor-element elementor-element-2ad4c44\" data-id=\"2ad4c44\" data-element_type=\"column\">\n\t\t\t<div class=\"elementor-widget-wrap elementor-element-populated\">\n\t\t\t\t\t\t\t\t<div class=\"elementor-element elementor-element-b2e6672 elementor-widget elementor-widget-heading\" data-id=\"b2e6672\" data-element_type=\"widget\" data-widget_type=\"heading.default\">\n\t\t\t\t<div class=\"elementor-widget-container\">\n\t\t\t<h2 class=\"elementor-heading-title elementor-size-xl\">Politica de privacidade<\/h2>\t\t<\/div>\n\t\t\t\t<\/div>\n\t\t\t\t\t<\/div>\n\t\t<\/div>\n\t\t\t\t\t\t\t<\/div>\n\t\t<\/section>\n\t\t\t\t<section class=\"elementor-section elementor-top-section elementor-element elementor-element-53911f2 elementor-section-boxed elementor-section-height-default elementor-section-height-default\" data-id=\"53911f2\" data-element_type=\"section\">\n\t\t\t\t\t\t<div class=\"elementor-container elementor-column-gap-default\">\n\t\t\t\t\t<div class=\"elementor-column elementor-col-100 elementor-top-column elementor-element elementor-element-a880de7\" data-id=\"a880de7\" data-element_type=\"column\">\n\t\t\t<div class=\"elementor-widget-wrap elementor-element-populated\">\n\t\t\t\t\t\t\t\t<div class=\"elementor-element elementor-element-1aafa9d elementor-widget elementor-widget-text-editor\" data-id=\"1aafa9d\" data-element_type=\"widget\" data-widget_type=\"text-editor.default\">\n\t\t\t\t<div class=\"elementor-widget-container\">\n\t\t\t<style>\/*! elementor - v3.12.1 - 02-04-2023 *\/\n.elementor-widget-text-editor.elementor-drop-cap-view-stacked .elementor-drop-cap{background-color:#69727d;color:#fff}.elementor-widget-text-editor.elementor-drop-cap-view-framed .elementor-drop-cap{color:#69727d;border:3px solid;background-color:transparent}.elementor-widget-text-editor:not(.elementor-drop-cap-view-default) .elementor-drop-cap{margin-top:8px}.elementor-widget-text-editor:not(.elementor-drop-cap-view-default) .elementor-drop-cap-letter{width:1em;height:1em}.elementor-widget-text-editor .elementor-drop-cap{float:left;text-align:center;line-height:1;font-size:50px}.elementor-widget-text-editor .elementor-drop-cap-letter{display:inline-block}<\/style>\t\t\t\t<p><strong>Introdu\u00e7\u00e3o:<\/strong><\/p><p>Respeitamos a sua privacidade e estamos empenhados em proteger as suas informa\u00e7\u00f5es pessoais. Esta pol\u00edtica de privacidade explica como recolhemos, utilizamos, e salvaguardamos as suas informa\u00e7\u00f5es quando visita o nosso s\u00edtio web.<\/p><p><strong>Recolha de informa\u00e7\u00f5es:<\/strong><\/p><p>Podemos recolher informa\u00e7\u00f5es pessoais como o seu nome, endere\u00e7o de correio electr\u00f3nico e n\u00famero de telefone quando preenche um formul\u00e1rio no nosso s\u00edtio web ou quando nos contacta atrav\u00e9s de correio electr\u00f3nico. Podemos tamb\u00e9m recolher informa\u00e7\u00f5es n\u00e3o pessoais, tais como o seu endere\u00e7o IP, tipo de navegador, e sistema operativo para fins anal\u00edticos.<\/p><p><strong>Utiliza\u00e7\u00e3o da informa\u00e7\u00e3o:<\/strong><\/p><p>Utilizamos as informa\u00e7\u00f5es que recolhemos para melhorar o nosso website e servi\u00e7os, para comunicar consigo, e para personalizar a sua experi\u00eancia. Podemos tamb\u00e9m utilizar as suas informa\u00e7\u00f5es para lhe enviar boletins informativos, materiais promocionais e outras comunica\u00e7\u00f5es de marketing.<\/p><p><strong>Partilha de informa\u00e7\u00f5es:<\/strong><\/p><p>N\u00e3o vendemos, trocamos, ou alugamos as suas informa\u00e7\u00f5es pessoais a terceiros. Podemos partilhar as suas informa\u00e7\u00f5es com os nossos parceiros de confian\u00e7a que nos assistem no funcionamento do nosso website ou na presta\u00e7\u00e3o de servi\u00e7os a si. Podemos igualmente divulgar as suas informa\u00e7\u00f5es, se exigido por lei ou em resposta a uma ordem judicial.<\/p><p><strong>Seguran\u00e7a de dados:<\/strong><\/p><p>Tomamos as medidas adequadas para salvaguardar as suas informa\u00e7\u00f5es contra acesso n\u00e3o autorizado, altera\u00e7\u00e3o, divulga\u00e7\u00e3o, ou destrui\u00e7\u00e3o. Utilizamos tecnologias seguras para proteger os seus dados durante a transmiss\u00e3o e armazenamento.<\/p><p><strong>Cookies:<\/strong><\/p><p>Podemos utilizar cookies para recolher informa\u00e7\u00f5es sobre o seu comportamento de navega\u00e7\u00e3o no nosso website. Os cookies s\u00e3o pequenos ficheiros de texto que s\u00e3o armazenados no seu dispositivo. Pode optar por desactivar os cookies nas defini\u00e7\u00f5es do seu navegador, mas isto pode afectar a sua capacidade de aceder a algumas caracter\u00edsticas do nosso s\u00edtio web.<\/p><p><strong>Liga\u00e7\u00f5es a s\u00edtios Web de terceiros:<\/strong><\/p><p>O nosso website pode conter links para websites de terceiros que n\u00e3o s\u00e3o propriedade ou controlados por n\u00f3s. N\u00e3o somos respons\u00e1veis pelas pr\u00e1ticas de privacidade ou conte\u00fado destes websites. Encorajamo-lo a ler as pol\u00edticas de privacidade destes s\u00edtios Web antes de fornecer quaisquer informa\u00e7\u00f5es pessoais.<\/p><p><strong>Altera\u00e7\u00f5es \u00e0 Pol\u00edtica de Privacidade:<\/strong><\/p><p>Podemos actualizar esta pol\u00edtica de privacidade de tempos a tempos. Notificaremos o utilizador de quaisquer altera\u00e7\u00f5es, colocando a nova pol\u00edtica de privacidade no nosso website. O uso continuado do nosso s\u00edtio web ap\u00f3s as altera\u00e7\u00f5es constitui a sua aceita\u00e7\u00e3o da pol\u00edtica actualizada.<\/p><p><strong>Contacte-nos:<\/strong><\/p><p>Se tiver quaisquer perguntas ou preocupa\u00e7\u00f5es sobre a nossa pol\u00edtica de privacidade, queira contactar-nos em info@casadocampo-restaurante.com.<\/p>\t\t\t\t\t\t<\/div>\n\t\t\t\t<\/div>\n\t\t\t\t\t<\/div>\n\t\t<\/div>\n\t\t\t\t\t\t\t<\/div>\n\t\t<\/section>\n\t\t\t\t\t\t\t<\/div>\n\t\t","protected":false},"excerpt":{"rendered":"<p>Politica de privacidade Politica de privacidade Introdu\u00e7\u00e3o: Respeitamos a sua privacidade e estamos empenhados em proteger as suas informa\u00e7\u00f5es pessoais. Esta pol\u00edtica [&hellip;]<\/p>\n","protected":false},"author":1,"featured_media":0,"parent":0,"menu_order":0,"comment_status":"closed","ping_status":"closed","template":"elementor_header_footer","meta":{"footnotes":""},"class_list":["post-1492","page","type-page","status-publish","hentry"],"_links":{"self":[{"href":"https:\/\/www.casadocampoalgarve.com\/index.php?rest_route=\/wp\/v2\/pages\/1492","targetHints":{"allow":["GET"]}}],"collection":[{"href":"https:\/\/www.casadocampoalgarve.com\/index.php?rest_route=\/wp\/v2\/pages"}],"about":[{"href":"https:\/\/www.casadocampoalgarve.com\/index.php?rest_route=\/wp\/v2\/types\/page"}],"author":[{"embeddable":true,"href":"https:\/\/www.casadocampoalgarve.com\/index.php?rest_route=\/wp\/v2\/users\/1"}],"replies":[{"embeddable":true,"href":"https:\/\/www.casadocampoalgarve.com\/index.php?rest_route=%2Fwp%2Fv2%2Fcomments&post=1492"}],"version-history":[{"count":4,"href":"https:\/\/www.casadocampoalgarve.com\/index.php?rest_route=\/wp\/v2\/pages\/1492\/revisions"}],"predecessor-version":[{"id":1496,"href":"https:\/\/www.casadocampoalgarve.com\/index.php?rest_route=\/wp\/v2\/pages\/1492\/revisions\/1496"}],"wp:attachment":[{"href":"https:\/\/www.casadocampoalgarve.com\/index.php?rest_route=%2Fwp%2Fv2%2Fmedia&parent=1492"}],"curies":[{"name":"wp","href":"https:\/\/api.w.org\/{rel}","templated":true}]}}